{"id":101,"date":"2024-05-28T10:28:27","date_gmt":"2024-05-28T08:28:27","guid":{"rendered":"http:\/\/powojnie.warszawa.pl\/?page_id=101"},"modified":"2024-05-28T10:49:50","modified_gmt":"2024-05-28T08:49:50","slug":"bos","status":"publish","type":"page","link":"https:\/\/powojnie.warszawa.pl\/index.php\/bos\/","title":{"rendered":"BOS"},"content":{"rendered":"\n<p>Biuro Odbudowy Stolicy zostawi\u0142o po sobie tysi\u0105ce materia\u0142\u00f3w a ich archiwum <strong>25 maja 2011 roku  zosta\u0142o wpisane na \u015bwiatow\u0105 list\u0119 programu \u201ePami\u0119\u0107 \u015awiata\u201d<\/strong>, stanowi\u0105c\u0105 opracowany przez UNESCO spis najwa\u017cniejszych dzie\u0142 i dokument\u00f3w wytworzonych w dziejach ludzko\u015bci.<\/p>\n\n\n\n<p>Tutaj zaprezentujemy wiele z nich w oryginale ale cz\u0119sto ze wsp\u00f3\u0142czesnym komentarzem czy zdj\u0119ciem obiektu o kt\u00f3rym mowa.   Zanim dojdziemy do BOS jeden z projekt\u00f3w przysz\u0142ej Dzielnicy Ministerstw kt\u00f3rej g\u0142\u00f3wna o\u015b mia\u0142a stanowi\u0107 ulicy Krucza<\/p>\n\n\n\n<figure class=\"wp-block-image size-full\"><img loading=\"lazy\" decoding=\"async\" width=\"1304\" height=\"844\" src=\"http:\/\/powojnie.warszawa.pl\/wp-content\/uploads\/2024\/05\/dzielnica_ministerstw.png\" alt=\"\" class=\"wp-image-102\" srcset=\"https:\/\/powojnie.warszawa.pl\/wp-content\/uploads\/2024\/05\/dzielnica_ministerstw.png 1304w, https:\/\/powojnie.warszawa.pl\/wp-content\/uploads\/2024\/05\/dzielnica_ministerstw-300x194.png 300w, https:\/\/powojnie.warszawa.pl\/wp-content\/uploads\/2024\/05\/dzielnica_ministerstw-1024x663.png 1024w, https:\/\/powojnie.warszawa.pl\/wp-content\/uploads\/2024\/05\/dzielnica_ministerstw-768x497.png 768w\" sizes=\"auto, (max-width: 1304px) 100vw, 1304px\" \/><\/figure>\n","protected":false},"excerpt":{"rendered":"<p>Biuro Odbudowy Stolicy zostawi\u0142o po sobie tysi\u0105ce materia\u0142\u00f3w a ich archiwum 25 maja 2011 roku zosta\u0142o wpisane na \u015bwiatow\u0105 list\u0119 programu \u201ePami\u0119\u0107 \u015awiata\u201d, stanowi\u0105c\u0105 opracowany przez UNESCO spis najwa\u017cniejszych dzie\u0142 i dokument\u00f3w wytworzonych w dziejach ludzko\u015bci. Tutaj zaprezentujemy wiele z nich w oryginale ale cz\u0119sto ze wsp\u00f3\u0142czesnym komentarzem czy zdj\u0119ciem obiektu o kt\u00f3rym mowa. Zanim&hellip;<\/p>\n","protected":false},"author":2,"featured_media":0,"parent":0,"menu_order":0,"comment_status":"closed","ping_status":"closed","template":"","meta":{"footnotes":""},"class_list":["post-101","page","type-page","status-publish","hentry"],"_links":{"self":[{"href":"https:\/\/powojnie.warszawa.pl\/index.php\/wp-json\/wp\/v2\/pages\/101","targetHints":{"allow":["GET"]}}],"collection":[{"href":"https:\/\/powojnie.warszawa.pl\/index.php\/wp-json\/wp\/v2\/pages"}],"about":[{"href":"https:\/\/powojnie.warszawa.pl\/index.php\/wp-json\/wp\/v2\/types\/page"}],"author":[{"embeddable":true,"href":"https:\/\/powojnie.warszawa.pl\/index.php\/wp-json\/wp\/v2\/users\/2"}],"replies":[{"embeddable":true,"href":"https:\/\/powojnie.warszawa.pl\/index.php\/wp-json\/wp\/v2\/comments?post=101"}],"version-history":[{"count":3,"href":"https:\/\/powojnie.warszawa.pl\/index.php\/wp-json\/wp\/v2\/pages\/101\/revisions"}],"predecessor-version":[{"id":107,"href":"https:\/\/powojnie.warszawa.pl\/index.php\/wp-json\/wp\/v2\/pages\/101\/revisions\/107"}],"wp:attachment":[{"href":"https:\/\/powojnie.warszawa.pl\/index.php\/wp-json\/wp\/v2\/media?parent=101"}],"curies":[{"name":"wp","href":"https:\/\/api.w.org\/{rel}","templated":true}]}}