{"id":297,"date":"2024-06-10T18:50:50","date_gmt":"2024-06-10T16:50:50","guid":{"rendered":"http:\/\/powojnie.warszawa.pl\/?page_id=297"},"modified":"2024-06-13T10:12:48","modified_gmt":"2024-06-13T08:12:48","slug":"prasa","status":"publish","type":"page","link":"https:\/\/powojnie.warszawa.pl\/index.php\/prasa\/","title":{"rendered":"Prasa"},"content":{"rendered":"\n<p>Zanim przejdziemy do czytania prasy z lat od 1944 miejmy \u015bwiadomo\u015b\u0107 z &#8222;manipulacj\u0105&#8221;, &#8222;wybielaniem zbrodniarzy&#8221; czy k\u0142amstwem historycznym.   Jeden jedyny wpis nie dotycz\u0105cy Warszawy  za to dotycz\u0105cy &#8222;Zbrodni Katy\u0144skiej&#8221;  i &#8222;Radzieckich oficer\u00f3w w Armii Polskiej&#8221; pokazuj\u0105cy jak &#8222;prasa PKWN&#8221; k\u0142amie.<\/p>\n\n\n\n<ul class=\"wp-block-list\">\n<li><a href=\"https:\/\/powojnie.warszawa.pl\/index.php\/2024\/06\/13\/falszerstwo-katynskie-czyli-jak-pkwn-klamal\/\">Fa\u0142szerstwo na temat Zbrodni Katy\u0144skiej w numerze 5 Biuletynu Informacyjnego (Warszawa-Praga) z dnia 29 wrze\u015bnia 1944r,  <\/a><\/li>\n\n\n\n<li><a href=\"https:\/\/powojnie.warszawa.pl\/index.php\/2024\/06\/13\/falszerstwo-katynskie-czyli-jak-pkwn-klamal\/\">Dlaczego w Armii Polskiej dowodz\u0105 \u017co\u0142nierze Armii Czerwonej<\/a><\/li>\n<\/ul>\n\n\n\n<p>Mimo tych zastrze\u017ce\u0144 b\u0119dziemy publikowa\u0107 wybrane fragmenty dotycz\u0105ce sytuacji w Warszawie. Celowo pomijamy zar\u00f3wno cz\u0119\u015b\u0107 wojskow\u0105 jak i stosunek do Powstania Warszawskiego jako \u201ezbyt ordynarny fa\u0142sz historyczny\u201d nawet dla wsp\u00f3\u0142czesnego wyrobionego czytelnika.<\/p>\n\n\n\n<p><\/p>\n\n\n\n<p>Po tym wst\u0119pnie jeste\u015bcie gotowi.<\/p>\n\n\n\n<p>Biuletyn Informacyjny\/Praski wydawany mi\u0119dzy 21 wrze\u015bnia 1944r. a 27 pa\u017adziernika 1944r.<\/p>\n\n\n\n<figure class=\"wp-block-image size-full\"><a href=\"http:\/\/powojnie.warszawa.pl\/index.php\/biuletyn-informacyjny-21-09-do-16-10-1944\/\"><img loading=\"lazy\" decoding=\"async\" width=\"915\" height=\"211\" src=\"http:\/\/powojnie.warszawa.pl\/wp-content\/uploads\/2024\/06\/Biuletyn_Informacyjny.png\" alt=\"\" class=\"wp-image-334\" srcset=\"https:\/\/powojnie.warszawa.pl\/wp-content\/uploads\/2024\/06\/Biuletyn_Informacyjny.png 915w, https:\/\/powojnie.warszawa.pl\/wp-content\/uploads\/2024\/06\/Biuletyn_Informacyjny-300x69.png 300w, https:\/\/powojnie.warszawa.pl\/wp-content\/uploads\/2024\/06\/Biuletyn_Informacyjny-768x177.png 768w\" sizes=\"auto, (max-width: 915px) 100vw, 915px\" \/><\/a><\/figure>\n\n\n\n<p><\/p>\n\n\n\n<p><\/p>\n\n\n\n<p>\u017bycie Warszawy wydawane od 15 pa\u017adziernika 1944r.<\/p>\n\n\n\n<figure class=\"wp-block-image size-large\"><a href=\"http:\/\/powojnie.warszawa.pl\/index.php\/zycie-warszawy\/\"><img loading=\"lazy\" decoding=\"async\" width=\"1024\" height=\"362\" src=\"http:\/\/powojnie.warszawa.pl\/wp-content\/uploads\/2024\/06\/Zycie_Warszawy_naglowek-1024x362.png\" alt=\"\" class=\"wp-image-298\" srcset=\"https:\/\/powojnie.warszawa.pl\/wp-content\/uploads\/2024\/06\/Zycie_Warszawy_naglowek-1024x362.png 1024w, https:\/\/powojnie.warszawa.pl\/wp-content\/uploads\/2024\/06\/Zycie_Warszawy_naglowek-300x106.png 300w, https:\/\/powojnie.warszawa.pl\/wp-content\/uploads\/2024\/06\/Zycie_Warszawy_naglowek-768x271.png 768w, https:\/\/powojnie.warszawa.pl\/wp-content\/uploads\/2024\/06\/Zycie_Warszawy_naglowek.png 1276w\" sizes=\"auto, (max-width: 1024px) 100vw, 1024px\" \/><\/a><\/figure>\n\n\n\n<p><\/p>\n\n\n\n<p><\/p>\n\n\n\n<figure class=\"wp-block-image size-large\"><a href=\"https:\/\/powojnie.warszawa.pl\/index.php\/rzeczpospolita-organ-pkwn\/\"><img loading=\"lazy\" decoding=\"async\" width=\"1024\" height=\"227\" src=\"http:\/\/powojnie.warszawa.pl\/wp-content\/uploads\/2024\/06\/Rzeczpospolita_logo_gazeta-1024x227.png\" alt=\"\" class=\"wp-image-301\" srcset=\"https:\/\/powojnie.warszawa.pl\/wp-content\/uploads\/2024\/06\/Rzeczpospolita_logo_gazeta-1024x227.png 1024w, https:\/\/powojnie.warszawa.pl\/wp-content\/uploads\/2024\/06\/Rzeczpospolita_logo_gazeta-300x66.png 300w, https:\/\/powojnie.warszawa.pl\/wp-content\/uploads\/2024\/06\/Rzeczpospolita_logo_gazeta-768x170.png 768w, https:\/\/powojnie.warszawa.pl\/wp-content\/uploads\/2024\/06\/Rzeczpospolita_logo_gazeta-1140x254.png 1140w, https:\/\/powojnie.warszawa.pl\/wp-content\/uploads\/2024\/06\/Rzeczpospolita_logo_gazeta.png 1146w\" sizes=\"auto, (max-width: 1024px) 100vw, 1024px\" \/><\/a><\/figure>\n","protected":false},"excerpt":{"rendered":"<p>Zanim przejdziemy do czytania prasy z lat od 1944 miejmy \u015bwiadomo\u015b\u0107 z &#8222;manipulacj\u0105&#8221;, &#8222;wybielaniem zbrodniarzy&#8221; czy k\u0142amstwem historycznym. Jeden jedyny wpis nie dotycz\u0105cy Warszawy za to dotycz\u0105cy &#8222;Zbrodni Katy\u0144skiej&#8221; i &#8222;Radzieckich oficer\u00f3w w Armii Polskiej&#8221; pokazuj\u0105cy jak &#8222;prasa PKWN&#8221; k\u0142amie. Mimo tych zastrze\u017ce\u0144 b\u0119dziemy publikowa\u0107 wybrane fragmenty dotycz\u0105ce sytuacji w Warszawie. Celowo pomijamy zar\u00f3wno cz\u0119\u015b\u0107&hellip;<\/p>\n","protected":false},"author":2,"featured_media":0,"parent":0,"menu_order":0,"comment_status":"closed","ping_status":"closed","template":"","meta":{"footnotes":""},"class_list":["post-297","page","type-page","status-publish","hentry"],"_links":{"self":[{"href":"https:\/\/powojnie.warszawa.pl\/index.php\/wp-json\/wp\/v2\/pages\/297","targetHints":{"allow":["GET"]}}],"collection":[{"href":"https:\/\/powojnie.warszawa.pl\/index.php\/wp-json\/wp\/v2\/pages"}],"about":[{"href":"https:\/\/powojnie.warszawa.pl\/index.php\/wp-json\/wp\/v2\/types\/page"}],"author":[{"embeddable":true,"href":"https:\/\/powojnie.warszawa.pl\/index.php\/wp-json\/wp\/v2\/users\/2"}],"replies":[{"embeddable":true,"href":"https:\/\/powojnie.warszawa.pl\/index.php\/wp-json\/wp\/v2\/comments?post=297"}],"version-history":[{"count":9,"href":"https:\/\/powojnie.warszawa.pl\/index.php\/wp-json\/wp\/v2\/pages\/297\/revisions"}],"predecessor-version":[{"id":398,"href":"https:\/\/powojnie.warszawa.pl\/index.php\/wp-json\/wp\/v2\/pages\/297\/revisions\/398"}],"wp:attachment":[{"href":"https:\/\/powojnie.warszawa.pl\/index.php\/wp-json\/wp\/v2\/media?parent=297"}],"curies":[{"name":"wp","href":"https:\/\/api.w.org\/{rel}","templated":true}]}}