{"id":33,"date":"2024-05-26T22:22:22","date_gmt":"2024-05-26T20:22:22","guid":{"rendered":"http:\/\/powojnie.warszawa.pl\/?page_id=33"},"modified":"2024-06-11T11:00:14","modified_gmt":"2024-06-11T09:00:14","slug":"zycie-warszawy","status":"publish","type":"page","link":"https:\/\/powojnie.warszawa.pl\/index.php\/zycie-warszawy\/","title":{"rendered":"\u017bycie Warszawy"},"content":{"rendered":"\n<figure class=\"wp-block-image size-large\"><img loading=\"lazy\" decoding=\"async\" width=\"1024\" height=\"362\" src=\"http:\/\/powojnie.warszawa.pl\/wp-content\/uploads\/2024\/06\/Zycie_Warszawy_naglowek-1-1024x362.png\" alt=\"\" class=\"wp-image-304\" srcset=\"https:\/\/powojnie.warszawa.pl\/wp-content\/uploads\/2024\/06\/Zycie_Warszawy_naglowek-1-1024x362.png 1024w, https:\/\/powojnie.warszawa.pl\/wp-content\/uploads\/2024\/06\/Zycie_Warszawy_naglowek-1-300x106.png 300w, https:\/\/powojnie.warszawa.pl\/wp-content\/uploads\/2024\/06\/Zycie_Warszawy_naglowek-1-768x271.png 768w, https:\/\/powojnie.warszawa.pl\/wp-content\/uploads\/2024\/06\/Zycie_Warszawy_naglowek-1.png 1276w\" sizes=\"auto, (max-width: 1024px) 100vw, 1024px\" \/><\/figure>\n\n\n\n<p>Archiwalne numery \u017bycia Warszawy dost\u0119pne s\u0105 w serwisie Mazowieckiej Biblioteki Cyfrowej &#8211; <a href=\"https:\/\/mbc.cyfrowemazowsze.pl\/dlibra\/publication\/35647\/edition\/31128#description\">https:\/\/mbc.cyfrowemazowsze.pl\/dlibra\/publication\/35647\/edition\/31128#description<\/a><\/p>\n\n\n\n<p>Wyb\u00f3r artyku\u0142\u00f3w dotycz\u0105cych Warszawy<\/p>\n\n\n\n<ul class=\"wp-block-list\">\n<li><a href=\"http:\/\/powojnie.warszawa.pl\/index.php\/2024\/05\/26\/zycie-warszawy-15-10-1944r-nr-1\/\">15.10.1944 &#8211; Nr 1<\/a><\/li>\n\n\n\n<li><a href=\"http:\/\/powojnie.warszawa.pl\/index.php\/2024\/05\/28\/zycie-warszawy-19-10-1944r-nr-3\/\" data-type=\"link\" data-id=\"http:\/\/powojnie.warszawa.pl\/index.php\/2024\/05\/28\/zycie-warszawy-19-10-1944r-nr-3\/\">19.10.1944 &#8211; Nr 3<\/a><\/li>\n\n\n\n<li><a href=\"http:\/\/powojnie.warszawa.pl\/index.php\/2024\/05\/29\/zycie-warszawy-20-10-1944r-nr-4\/\" data-type=\"link\" data-id=\"http:\/\/powojnie.warszawa.pl\/index.php\/2024\/05\/29\/zycie-warszawy-20-10-1944r-nr-4\/\">20.10.1944 &#8211; Nr 4<\/a><\/li>\n\n\n\n<li><a href=\"http:\/\/powojnie.warszawa.pl\/index.php\/2024\/05\/29\/zycie-warszawy-22-10-1944r-nr-6\/\" data-type=\"link\" data-id=\"http:\/\/powojnie.warszawa.pl\/index.php\/2024\/05\/29\/zycie-warszawy-22-10-1944r-nr-6\/\">22.10.1944 &#8211; Nr 6<\/a><\/li>\n\n\n\n<li><a href=\"http:\/\/powojnie.warszawa.pl\/index.php\/2024\/05\/31\/zycie-warszawy-23-10-1944r-nr-7\/\" data-type=\"link\" data-id=\"http:\/\/powojnie.warszawa.pl\/index.php\/2024\/05\/31\/zycie-warszawy-23-10-1944r-nr-7\/\">23.10.1944 &#8211; Nr 7<\/a><\/li>\n\n\n\n<li><a href=\"http:\/\/powojnie.warszawa.pl\/index.php\/2024\/06\/03\/zycie-warszawy-24-10-1944r-nr-8\/\">24.10.1944 &#8211; Nr 8<\/a><\/li>\n\n\n\n<li><a href=\"http:\/\/powojnie.warszawa.pl\/index.php\/2024\/06\/04\/zycie-warszawy-26-10-1944r-nr-10\/\" data-type=\"link\" data-id=\"http:\/\/powojnie.warszawa.pl\/index.php\/2024\/06\/04\/zycie-warszawy-26-10-1944r-nr-10\/\">26.10.1944 &#8211; Nr 10<\/a><\/li>\n\n\n\n<li><a href=\"https:\/\/powojnie.warszawa.pl\/index.php\/2024\/06\/06\/zycie-warszawy-27-10-1944r-nr-11\/\" data-type=\"link\" data-id=\"https:\/\/powojnie.warszawa.pl\/index.php\/2024\/06\/06\/zycie-warszawy-27-10-1944r-nr-11\/\">27.10.1944 &#8211; Nr 11<\/a><\/li>\n\n\n\n<li><a href=\"https:\/\/powojnie.warszawa.pl\/index.php\/2024\/06\/11\/zycie-warszawy-29-10-1944r-nr-12\/\">29.10.1944 &#8211; Nr 12<\/a><\/li>\n\n\n\n<li><a href=\"https:\/\/powojnie.warszawa.pl\/index.php\/2024\/06\/11\/zycie-warszawy-31-10-1944r-nr-14\/\">31.10.1944 &#8211; Nr 14<\/a><br>&#8211;<\/li>\n<\/ul>\n\n\n\n<p><\/p>\n\n\n\n<p><\/p>\n\n\n\n<p><\/p>\n","protected":false},"excerpt":{"rendered":"<p>Archiwalne numery \u017bycia Warszawy dost\u0119pne s\u0105 w serwisie Mazowieckiej Biblioteki Cyfrowej &#8211; https:\/\/mbc.cyfrowemazowsze.pl\/dlibra\/publication\/35647\/edition\/31128#description Wyb\u00f3r artyku\u0142\u00f3w dotycz\u0105cych Warszawy<\/p>\n","protected":false},"author":2,"featured_media":0,"parent":0,"menu_order":0,"comment_status":"closed","ping_status":"closed","template":"","meta":{"footnotes":""},"class_list":["post-33","page","type-page","status-publish","hentry"],"_links":{"self":[{"href":"https:\/\/powojnie.warszawa.pl\/index.php\/wp-json\/wp\/v2\/pages\/33","targetHints":{"allow":["GET"]}}],"collection":[{"href":"https:\/\/powojnie.warszawa.pl\/index.php\/wp-json\/wp\/v2\/pages"}],"about":[{"href":"https:\/\/powojnie.warszawa.pl\/index.php\/wp-json\/wp\/v2\/types\/page"}],"author":[{"embeddable":true,"href":"https:\/\/powojnie.warszawa.pl\/index.php\/wp-json\/wp\/v2\/users\/2"}],"replies":[{"embeddable":true,"href":"https:\/\/powojnie.warszawa.pl\/index.php\/wp-json\/wp\/v2\/comments?post=33"}],"version-history":[{"count":11,"href":"https:\/\/powojnie.warszawa.pl\/index.php\/wp-json\/wp\/v2\/pages\/33\/revisions"}],"predecessor-version":[{"id":333,"href":"https:\/\/powojnie.warszawa.pl\/index.php\/wp-json\/wp\/v2\/pages\/33\/revisions\/333"}],"wp:attachment":[{"href":"https:\/\/powojnie.warszawa.pl\/index.php\/wp-json\/wp\/v2\/media?parent=33"}],"curies":[{"name":"wp","href":"https:\/\/api.w.org\/{rel}","templated":true}]}}