{"id":426,"date":"2024-06-17T13:52:43","date_gmt":"2024-06-17T11:52:43","guid":{"rendered":"https:\/\/powojnie.warszawa.pl\/?page_id=426"},"modified":"2024-06-17T14:01:24","modified_gmt":"2024-06-17T12:01:24","slug":"praga-komisariaty-1944","status":"publish","type":"page","link":"https:\/\/powojnie.warszawa.pl\/index.php\/praga-komisariaty-1944\/","title":{"rendered":"Praga komisariaty 1944"},"content":{"rendered":"\n<p>Wszelkie wydarzenia publikowane w prasie w latach 1944-1945 opiera\u0142y si\u0119 na podziale Warszawy (Pragi) na Komisariaty. Poni\u017cej proponowany podzia\u0142 dzielnicowy z 1933 oraz na niebiesko obowi\u0105zuj\u0105cy podzia\u0142 na komisariaty.<\/p>\n\n\n\n<p>Linia  podzia\u0142u mi\u0119dzy Prag\u0105 P\u00f3\u0142noc (XIV komisariat) a Prag\u0105 Po\u0142udnie (XV komisariat) przebiega\u0142a wzd\u0142u\u017c Z\u0105bkowskiej i Radzymi\u0144skiej a Saska K\u0119pa nale\u017ca\u0142a  do komisariatu XVII  Groch\u00f3w.<\/p>\n\n\n\n<figure class=\"wp-block-image size-large\"><img loading=\"lazy\" decoding=\"async\" width=\"1024\" height=\"628\" src=\"https:\/\/powojnie.warszawa.pl\/wp-content\/uploads\/2024\/06\/image-1-1024x628.png\" alt=\"\" class=\"wp-image-431\" srcset=\"https:\/\/powojnie.warszawa.pl\/wp-content\/uploads\/2024\/06\/image-1-1024x628.png 1024w, https:\/\/powojnie.warszawa.pl\/wp-content\/uploads\/2024\/06\/image-1-300x184.png 300w, https:\/\/powojnie.warszawa.pl\/wp-content\/uploads\/2024\/06\/image-1-768x471.png 768w, https:\/\/powojnie.warszawa.pl\/wp-content\/uploads\/2024\/06\/image-1-1536x943.png 1536w, https:\/\/powojnie.warszawa.pl\/wp-content\/uploads\/2024\/06\/image-1.png 1540w\" sizes=\"auto, (max-width: 1024px) 100vw, 1024px\" \/><\/figure>\n\n\n\n<p><\/p>\n","protected":false},"excerpt":{"rendered":"<p>Wszelkie wydarzenia publikowane w prasie w latach 1944-1945 opiera\u0142y si\u0119 na podziale Warszawy (Pragi) na Komisariaty. Poni\u017cej proponowany podzia\u0142 dzielnicowy z 1933 oraz na niebiesko obowi\u0105zuj\u0105cy podzia\u0142 na komisariaty. Linia podzia\u0142u mi\u0119dzy Prag\u0105 P\u00f3\u0142noc (XIV komisariat) a Prag\u0105 Po\u0142udnie (XV komisariat) przebiega\u0142a wzd\u0142u\u017c Z\u0105bkowskiej i Radzymi\u0144skiej a Saska K\u0119pa nale\u017ca\u0142a do komisariatu XVII Groch\u00f3w.<\/p>\n","protected":false},"author":2,"featured_media":0,"parent":0,"menu_order":0,"comment_status":"closed","ping_status":"closed","template":"","meta":{"footnotes":""},"class_list":["post-426","page","type-page","status-publish","hentry"],"_links":{"self":[{"href":"https:\/\/powojnie.warszawa.pl\/index.php\/wp-json\/wp\/v2\/pages\/426","targetHints":{"allow":["GET"]}}],"collection":[{"href":"https:\/\/powojnie.warszawa.pl\/index.php\/wp-json\/wp\/v2\/pages"}],"about":[{"href":"https:\/\/powojnie.warszawa.pl\/index.php\/wp-json\/wp\/v2\/types\/page"}],"author":[{"embeddable":true,"href":"https:\/\/powojnie.warszawa.pl\/index.php\/wp-json\/wp\/v2\/users\/2"}],"replies":[{"embeddable":true,"href":"https:\/\/powojnie.warszawa.pl\/index.php\/wp-json\/wp\/v2\/comments?post=426"}],"version-history":[{"count":9,"href":"https:\/\/powojnie.warszawa.pl\/index.php\/wp-json\/wp\/v2\/pages\/426\/revisions"}],"predecessor-version":[{"id":443,"href":"https:\/\/powojnie.warszawa.pl\/index.php\/wp-json\/wp\/v2\/pages\/426\/revisions\/443"}],"wp:attachment":[{"href":"https:\/\/powojnie.warszawa.pl\/index.php\/wp-json\/wp\/v2\/media?parent=426"}],"curies":[{"name":"wp","href":"https:\/\/api.w.org\/{rel}","templated":true}]}}