{"id":483,"date":"2024-06-24T14:15:44","date_gmt":"2024-06-24T12:15:44","guid":{"rendered":"https:\/\/powojnie.warszawa.pl\/?page_id=483"},"modified":"2024-06-24T14:15:44","modified_gmt":"2024-06-24T12:15:44","slug":"kalendarium-wrzesien-1944r","status":"publish","type":"page","link":"https:\/\/powojnie.warszawa.pl\/index.php\/kalendarium-wrzesien-1944r\/","title":{"rendered":"Kalendarium &#8211; wrzesie\u0144 1944r."},"content":{"rendered":"\n<p><strong>14.09<\/strong><\/p>\n\n\n\n<ul class=\"wp-block-list\">\n<li>Wyzwolenie Pragi<\/li>\n<\/ul>\n\n\n\n<p><strong>15.09<\/strong><\/p>\n\n\n\n<ul class=\"wp-block-list\">\n<li><a href=\"http:\/\/powojnie.warszawa.pl\/index.php\/2024\/05\/26\/pkwn-15-09-1944\/\">Wyjazd delegacji PKWN do Warszawy Drobner, Skrzeszewski<\/a><\/li>\n<\/ul>\n\n\n\n<ul class=\"wp-block-list\">\n<li><a href=\"https:\/\/powojnie.warszawa.pl\/index.php\/2024\/05\/31\/wspomnienia-prezydenta-warszawy-plk-mariana-spychalskiego-15-09-1944r\/\">Wyjazd pu\u0142kownika Mariana Spychalskiego p.o Prezydenta Miasta<\/a><\/li>\n<\/ul>\n\n\n\n<p><strong>16.09<\/strong><\/p>\n\n\n\n<ul class=\"wp-block-list\">\n<li><a href=\"https:\/\/powojnie.warszawa.pl\/index.php\/2024\/06\/11\/biuletyn-informacyjny-23-09-1944r-nr-2\/\">Delegacja PKWN na Pradze &#8211; Biuletyn Informacyjny Nr 2 z 23.09<\/a><\/li>\n<\/ul>\n\n\n\n<p><strong>18.09<\/strong> <\/p>\n\n\n\n<ul class=\"wp-block-list\">\n<li><a href=\"https:\/\/powojnie.warszawa.pl\/index.php\/2024\/05\/27\/protokol-zebrania-pkwn-z-dnia-18-09-1944r\/\">Relacja z Pragi Skrzeszewskiego i Drobnera, organizacja w\u0142adzy, Siedziba PKWN na Pradze, wyb\u00f3r oficjalny pu\u0142kownika Spychalskiego na Prezydenta Miasta<\/a><\/li>\n<\/ul>\n\n\n\n<p><strong>21.09<\/strong><\/p>\n\n\n\n<ul class=\"wp-block-list\">\n<li><a href=\"https:\/\/powojnie.warszawa.pl\/index.php\/2024\/06\/11\/biuletyn-informacyjny-21-09-1944r-nr-1\/\">Odezwa komendanta obwodu AK Praga pp\u0142k Andrzej o wst\u0119powaniu \u017co\u0142nierzy  AK do WP  (p\u00f3\u017aniej wycofana) &#8211; Biuletyn Informacyjny z 21.09<\/a><\/li>\n<\/ul>\n\n\n\n<p><strong>24.09<\/strong><\/p>\n\n\n\n<ul class=\"wp-block-list\">\n<li><a href=\"https:\/\/powojnie.warszawa.pl\/index.php\/2024\/05\/28\/protokol-zebrania-pkwn-z-dnia-24-09-1944r\/\">sprawozdanie p\u0142k Spychalskiego (Prezydenta Miasta) przed PKWN<\/a><\/li>\n<\/ul>\n\n\n\n<p><strong>28.09<\/strong><\/p>\n\n\n\n<ul class=\"wp-block-list\">\n<li><a href=\"https:\/\/powojnie.warszawa.pl\/index.php\/2024\/06\/17\/biuletyn-informacyjny-29-09-1944r-nr-5\/\">Sprawozdanie Komitetu Obywatelskiego XIV Komisariatu (Praga P\u00f3\u0142noc) o zakresie pomocy za 12 dni &#8211; Biuletyn Informacyjny Nr 5 z 29.09<\/a><\/li>\n\n\n\n<li><a href=\"https:\/\/powojnie.warszawa.pl\/index.php\/2024\/06\/17\/biuletyn-informacyjny-30-09-1944r-nr-6\/\">Uroczyste przekazanie daru Stalina (10ty\u015b ton m\u0105ki) &#8211; Biuletyn Informacyjny Nr 6 z 30.09<\/a><\/li>\n<\/ul>\n\n\n\n<p><strong>30.09<\/strong><\/p>\n\n\n\n<ul class=\"wp-block-list\">\n<li><a href=\"https:\/\/powojnie.warszawa.pl\/index.php\/2024\/06\/19\/biuletyn-informacyjny-02-10-1944r-nr-7\/\">Sprawozdanie Komitetu Obywatelskiego na Grochowie  w zakresie pomocy za 15 dni. &#8211; Biuletyn Informacyjny Nr 7 z dnia 02.10<\/a><\/li>\n<\/ul>\n","protected":false},"excerpt":{"rendered":"<p>14.09 15.09 16.09 18.09 21.09 24.09 28.09 30.09<\/p>\n","protected":false},"author":2,"featured_media":0,"parent":0,"menu_order":0,"comment_status":"closed","ping_status":"closed","template":"","meta":{"footnotes":""},"class_list":["post-483","page","type-page","status-publish","hentry"],"_links":{"self":[{"href":"https:\/\/powojnie.warszawa.pl\/index.php\/wp-json\/wp\/v2\/pages\/483","targetHints":{"allow":["GET"]}}],"collection":[{"href":"https:\/\/powojnie.warszawa.pl\/index.php\/wp-json\/wp\/v2\/pages"}],"about":[{"href":"https:\/\/powojnie.warszawa.pl\/index.php\/wp-json\/wp\/v2\/types\/page"}],"author":[{"embeddable":true,"href":"https:\/\/powojnie.warszawa.pl\/index.php\/wp-json\/wp\/v2\/users\/2"}],"replies":[{"embeddable":true,"href":"https:\/\/powojnie.warszawa.pl\/index.php\/wp-json\/wp\/v2\/comments?post=483"}],"version-history":[{"count":1,"href":"https:\/\/powojnie.warszawa.pl\/index.php\/wp-json\/wp\/v2\/pages\/483\/revisions"}],"predecessor-version":[{"id":485,"href":"https:\/\/powojnie.warszawa.pl\/index.php\/wp-json\/wp\/v2\/pages\/483\/revisions\/485"}],"wp:attachment":[{"href":"https:\/\/powojnie.warszawa.pl\/index.php\/wp-json\/wp\/v2\/media?parent=483"}],"curies":[{"name":"wp","href":"https:\/\/api.w.org\/{rel}","templated":true}]}}