{"id":65,"date":"2024-05-26T22:53:32","date_gmt":"2024-05-26T20:53:32","guid":{"rendered":"http:\/\/powojnie.warszawa.pl\/?page_id=65"},"modified":"2024-05-26T22:53:32","modified_gmt":"2024-05-26T20:53:32","slug":"o-nas","status":"publish","type":"page","link":"https:\/\/powojnie.warszawa.pl\/index.php\/o-nas\/","title":{"rendered":"O nas"},"content":{"rendered":"\n<p>Strona ta powsta\u0142a w celu zebrania dokument\u00f3w zwi\u0105zanych z powojenn\u0105 historia Warszawy. Opiera\u0107 si\u0119 b\u0119dziemy na prawdziwych dokumentach PKWN, BOS, w\u0142adz miasta ale tez na wspomnieniach wa\u017cnych os\u00f3b jak prezydent p\u0142k Marian Spychalski. B\u0119d\u0105 kompletne statystyki miesi\u0119czne (od stycznia 1945) kt\u00f3ry miasto przygotowa\u0142o ale zamienione we wsp\u00f3\u0142czesn\u0105 prezentacje graficzn\u0105. W pierwszym etapie skupimy si\u0119 na latach 1944-1949 zanim stalinizm wszed\u0142 w swoja szczytow\u0105 faz\u0119. Ca\u0142a polityk\u0119 nowomowy partyjnej b\u0119dziemy omija\u0107 szerokim \u0142ukiem. Interesuj\u0105 nas fakty i dokumenty czasem je om\u00f3wimy wska\u017cemy na mapie czy wyja\u015bnimy role wymienionych os\u00f3b.<\/p>\n\n\n\n<p>Oczywistym jest dla ka\u017cdego i\u017c dokumenty i wycinki prasowe NIE POKAZUJ\u0104 wszystkich reali\u00f3w \u017cycia i odbudowy Warszawy bo s\u0105 ska\u017cone &#8222;cenzura w\u0142adzy&#8221; i tak nale\u017cy je przyjmowa\u0107. Wida\u0107 to ju\u017c w pierwszym dokumentach gdzie wyst\u0119puj\u0105 fragmenty dotycz\u0105ce Powstania Warszawskiego, a nieudolno\u015b\u0107 w\u0142adzy ludowej jest pomijana podobnie jak zbrodnie NKWD na Pradze ju\u017c w pierwszych dniach &#8222;po wyzwoleniu&#8221;. Po tym wst\u0119pie zapraszam<\/p>\n","protected":false},"excerpt":{"rendered":"<p>Strona ta powsta\u0142a w celu zebrania dokument\u00f3w zwi\u0105zanych z powojenn\u0105 historia Warszawy. Opiera\u0107 si\u0119 b\u0119dziemy na prawdziwych dokumentach PKWN, BOS, w\u0142adz miasta ale tez na wspomnieniach wa\u017cnych os\u00f3b jak prezydent p\u0142k Marian Spychalski. B\u0119d\u0105 kompletne statystyki miesi\u0119czne (od stycznia 1945) kt\u00f3ry miasto przygotowa\u0142o ale zamienione we wsp\u00f3\u0142czesn\u0105 prezentacje graficzn\u0105. W pierwszym etapie skupimy si\u0119 na&hellip;<\/p>\n","protected":false},"author":2,"featured_media":0,"parent":0,"menu_order":0,"comment_status":"closed","ping_status":"closed","template":"","meta":{"footnotes":""},"class_list":["post-65","page","type-page","status-publish","hentry"],"_links":{"self":[{"href":"https:\/\/powojnie.warszawa.pl\/index.php\/wp-json\/wp\/v2\/pages\/65","targetHints":{"allow":["GET"]}}],"collection":[{"href":"https:\/\/powojnie.warszawa.pl\/index.php\/wp-json\/wp\/v2\/pages"}],"about":[{"href":"https:\/\/powojnie.warszawa.pl\/index.php\/wp-json\/wp\/v2\/types\/page"}],"author":[{"embeddable":true,"href":"https:\/\/powojnie.warszawa.pl\/index.php\/wp-json\/wp\/v2\/users\/2"}],"replies":[{"embeddable":true,"href":"https:\/\/powojnie.warszawa.pl\/index.php\/wp-json\/wp\/v2\/comments?post=65"}],"version-history":[{"count":1,"href":"https:\/\/powojnie.warszawa.pl\/index.php\/wp-json\/wp\/v2\/pages\/65\/revisions"}],"predecessor-version":[{"id":67,"href":"https:\/\/powojnie.warszawa.pl\/index.php\/wp-json\/wp\/v2\/pages\/65\/revisions\/67"}],"wp:attachment":[{"href":"https:\/\/powojnie.warszawa.pl\/index.php\/wp-json\/wp\/v2\/media?parent=65"}],"curies":[{"name":"wp","href":"https:\/\/api.w.org\/{rel}","templated":true}]}}